{"id":12,"date":"2016-02-17T14:11:00","date_gmt":"2016-02-17T13:11:00","guid":{"rendered":"http:\/\/www.wood-steel.eu\/?page_id=12"},"modified":"2016-12-23T13:00:37","modified_gmt":"2016-12-23T12:00:37","slug":"hts-traeger","status":"publish","type":"page","link":"https:\/\/www.wood-steel.eu\/fr\/hts-traeger\/","title":{"rendered":"HTS-Hybridtr\u00e4ger"},"content":{"rendered":"<p><\/p>\n<h2>Ein echter HTS-Hybridtr\u00e4ger mit einem Alleinstellungsmerkmal<\/h2>\n<p>Bei Vergleichen mit BSH-Holz &#8211; Vollholz oder anderen Tr\u00e4gern in Holzstegen gew\u00e4hrleistet unser HTS-Holztr\u00e4ger durch den d\u00fcnnen Wellstahl eine bessere W\u00e4rmed\u00e4mmm\u00f6glichkeit, keine K\u00e4ltebr\u00fccken, was kein Tr\u00e4ger zu bieten hat.<\/p>\n<p>Der Einsatz von HTS-Holztr\u00e4gern aus rein statischer Sicht wird erst dann sinnvoll, wenn Systeme mit gr\u00f6\u00dferen St\u00fctzweiten vorliegen, bei denen z.B. kein Vollholzquerschnitt mehr verwendet werden kann.<\/p>\n<p>Als Beispiel haben wir den statischen Nachweis f\u00fcr einen 14,00 m frei gespannten Tr\u00e4ger unter der st\u00e4ndigen Last von 1,00 kN\/qm und einer Schneelast von 2,00 kN\/qm berechnet.<\/p>\n<p>Hier liegt ein \u00fcberzeugender Lastvorteil zu Gunsten des HTS-Tr\u00e4gers vor, was sich auch auf die weitere Konstruktion des Systems bei Hallenbauten, Wohngeb\u00e4uden usw. auf die statische Sekund\u00e4rkonstruktion bzw. Fundamente kosteng\u00fcnstig auswirkt.<\/p>\n<h2>Argumente:<\/h2>\n<p>Weiterhin darf darauf hingewiesen werden, dass es sich bei HTS-Holztr\u00e4ger um einen nachgiebig verbunden Holztr\u00e4ger handelt! Hier steigt der \u00a0Tr\u00e4gheitsmoment mit zunehmender St\u00fctztweite. Bei BSH-Brettschichtholz bleibt er konstant. Das bedeutet, wenn die St\u00fctzweite noch weiter zunimmt, dass der BSH-Brettschichtholzquerschnitt bleibt er konstant. Das bedeutet, wenn die St\u00fctzweite noch weiter zunimmt, dass der BSH-Brettschichtholzquerschnitt st\u00e4rker zunimmt als entsprechende HTS-Holztr\u00e4gergr\u00f6\u00dfe. Somit werden HTS-Holztr\u00e4ger bei einer weiteren St\u00fctzweitenzunahme noch wirtschaftlicher.<\/p>\n<p>Nicht nur das geringe Gewicht sondern auch der filigrane Tr\u00e4ger sind wesentliche Vorteile. Zudem ist das D\u00e4mmverhalten z.B. bei einem Dachelement mit HTS-Holztr\u00e4gern g\u00fcnstiger als bei der Verwendung von BSH-Brettschichtholz bzw. Vollholz.<\/p>\n<h2>Weitere positive Argumente:<\/h2>\n<p>Holz ist hervorragend geeignet Zug- und Druckspannung in Faserrichtung zu \u00fcbertragen. Die Kr\u00e4fte \u00fcbernehmen beim HTS-Holztr\u00e4ger die Ober- und Untergurte. Der Schubfluss zwischen den Gurten wird von einem oder zwei parallelen Stahlstegen \u00fcbertragen! Bei Schubbeanspruchung hat \u00a0Stahl \u00ab\u00a0die besseren Karten\u00a0\u00bb. Dadurch ist ein Tr\u00e4ger konzipiert, der im Vergleich zu Doppel-T-Tr\u00e4gern aus reinem Holz eine h\u00f6here Gesamtsteifigkeit besitzt und weitgehend verwindungsfrei ist.<\/p>\n<p>Durch den feuerverzinkten Stahlkern (mit hohen Korrisionsschutz) hat der HTS-Holztr\u00e4ger kein Schwingungsverhalten wie Massivholz. Das wirkt sich positiv auf die Schalld\u00e4mmeigenschaft z.B. in Decken aus und ebenso f\u00fcr die Sicherheit bei Erdbeben durch den leichten HTS-Holztr\u00e4ger.<\/p>\n<h2>Sicherheit<\/h2>\n<p>Eines der erfolgreichsten Vertriebsprodukte unserer Partner in den letzten Jahren sind vorgefertigte Dach-, Decken- und Wandelemente, z.B. f\u00fcr Superm\u00e4rkte, B\u00fcrogeb\u00e4ude, Kinderg\u00e4rten, Schulen und Wohnungsbauten. Die Elemente erreichen Dimensionen bis 2,50 x 18,00 m. Hierf\u00fcr werden jeweils 4 HTS-Holztr\u00e4ger auf beiden Seiten mit OSB-Platten bekleidet und der Hohlraum mit D\u00e4mmung aufgef\u00fcllt. Das Ganze wird anschlie\u00dfend mit einer Vordeckung (Regensicherung) ausger\u00fcstet. Mit diesen Elementen kann z. B. ein Dach von 1.200 qm an einem Tag verlegt werden. Unmittelbar anschlie\u00dfen kann jegliche Brandschutzbekleidung und\/oder schallabsorbierende Oberfl\u00e4che innenseitig montiert werden. Bei der Lastabtragung der Unterdecke kann von einem Gesamtgewicht von ca. 100 kg\/q ausgegangen werden.<\/p>\n<p>HTS Dachkastenelemente sind weitgehend einbruchsicher und k\u00f6nnen nur mit Spezialwerkzeugen besch\u00e4digt werden.<\/p>\n<h2>Die Ober- und Untergurte<\/h2>\n<p>Ober- und Untergurte aus FI\/TA-Nadelholz der G\u00fcteklasse S10 nach DIN 4074 (NSI-Qualit\u00e4t) technisch getrocknet auf eine Holzfeuchte von 15% +- 3% keilgezinkt nach DIN 68140, 4-seitig gehobelt, Kanten gebrochen oder alternativ aus m\u00e4rkischer Kiefer (formbest\u00e4ndig, gradschliffig) sind bei Konstruktionsholz von entscheidender Bedeutung.<\/p>\n<p>Sichtbare Untergurte bei Decken und Dachelementen k\u00f6nnen offenporig lasiert werden und bieten somit ein Fachwerksystem.<\/p>\n<p>Gegen Mehrpreis k\u00f6nnen Ober- und Untergurte auch mit Kesseldruckimpr\u00e4gnierung Wolmanit CX-10 gr\u00fcn geliefert werden.<\/p>\n<h2>Der Stahlwellsteg und seine Vorteile<\/h2>\n<p>Stahlsteg, profilgewellt aus feuerzinkten Vormaterialien der G\u00fcte S550 GD + Z nach DIN EN 10147 1995 &#8211; 08 gefertigt.<\/p>\n<p>Die Stahlg\u00fcte entspricht hiermit den Vorgaben der bauaufsichtlichen Zulassung.<\/p>\n<p>Die Zinkauflage betr\u00e4gt mindestens 275 g\/qm. Das Korrionsverhalten der feuerverzinkten Oberfl\u00e4chen unter verschiedenen Korrosionsbedingungen ist in die Klasse C1 bis C4 eingeteilt.<\/p>\n<p>C3 ist ausreichend bei hoher Feuchtigkeit, mittlere Luftbelastung au\u00dfen: Industrie- oder Stadtatmosph\u00e4re bzw. K\u00fcstenklima mit geringem Chloridgehalt.<\/p>\n<p>In der Klasse C3 ist eine Lebensdauer des Zink\u00fcberzugs ist der tragende Stahlkern noch nicht angegriffen und kann dann durch Neuauftrag einer Beschichtung wieder versiegelt werden.<\/p>\n<p>Unter normalen Innenraumbedigungen sind Haltbarkeiten von 50 bis 100 Jahren zu erwarten.<\/p>\n<p>Gegen\u00fcber lackierten \u00dcberz\u00fcgen bietet die Feuerverzinkung nachstehende Vorteile:<\/p>\n<ul>\n<li>wesentlich bessere Best\u00e4ndigkeit bei mechanischer Beanspruchung<\/li>\n<li>durch kathodischen Schutzeffekt bildet sich auch bei kleineren Besch\u00e4digungen der Oberfl\u00e4che kein Korrisionsherd<\/li>\n<li>keine Unterwanderung\/Abl\u00f6sung m\u00f6glich.<\/li>\n<\/ul>\n<p>Neuer Stahlwellsteg &#8211; eine neue Chance, was den HTS-Holztr\u00e4ger noch wirtschaftlicher und st\u00e4rker macht als bisher.<\/p>\n<p>Die Synergie &#8211; das Resultat der Werkstoffkombination: konkurrenzlos stark, wirtschaftlich, Alleinstellungsmerkmal.<\/p>\n<h2>Der gewellte Stahlsteg<\/h2>\n<p>Stahlstegprofil gewellt aus feuerverzinktem Vormaterial der G\u00fcte S 550 GD + Z nach DIN EN 10147 1995-08 aus einem oder zwei Stegen 0,5mm Spezialstahl, Mindeststreckgrenze 550 n\/mm2, trapezf\u00f6rmig gewellt. Die Zinkauflage betr\u00e4gt mindestens 275 g\/qm, womit eine bessere Korrosion gegen\u00fcber lackierten Beschichtungen insbesondere wenn es sich um Landwirtschaftsbauten handelt.<\/p>\n<h2>Hinsichtlich der W\u00e4rmebr\u00fccken sind wir durch den d\u00fcnnen Stahl gegen\u00fcber Vollholz im Vorteil.<\/h2>\n<p>&nbsp;<\/p>","protected":false},"excerpt":{"rendered":"Ein echter HTS-Hybridtr\u00e4ger mit einem Alleinstellungsmerkmal Bei Vergleichen mit BSH-Holz &#8211; Vollholz oder anderen Tr\u00e4gern in Holzstegen gew\u00e4hrleistet unser HTS-Holztr\u00e4ger durch den d\u00fcnnen \n<a class=\"moretag\" href=\"https:\/\/www.wood-steel.eu\/fr\/hts-traeger\/\"> [...]<\/a>","protected":false},"author":1,"featured_media":0,"parent":0,"menu_order":0,"comment_status":"closed","ping_status":"closed","template":"","meta":{"_exactmetrics_skip_tracking":false,"_exactmetrics_sitenote_active":false,"_exactmetrics_sitenote_note":"","_exactmetrics_sitenote_category":0,"ngg_post_thumbnail":0,"footnotes":""},"class_list":["post-12","page","type-page","status-publish","hentry"],"aioseo_notices":[],"_links":{"self":[{"href":"https:\/\/www.wood-steel.eu\/fr\/wp-json\/wp\/v2\/pages\/12","targetHints":{"allow":["GET"]}}],"collection":[{"href":"https:\/\/www.wood-steel.eu\/fr\/wp-json\/wp\/v2\/pages"}],"about":[{"href":"https:\/\/www.wood-steel.eu\/fr\/wp-json\/wp\/v2\/types\/page"}],"author":[{"embeddable":true,"href":"https:\/\/www.wood-steel.eu\/fr\/wp-json\/wp\/v2\/users\/1"}],"replies":[{"embeddable":true,"href":"https:\/\/www.wood-steel.eu\/fr\/wp-json\/wp\/v2\/comments?post=12"}],"version-history":[{"count":15,"href":"https:\/\/www.wood-steel.eu\/fr\/wp-json\/wp\/v2\/pages\/12\/revisions"}],"predecessor-version":[{"id":738,"href":"https:\/\/www.wood-steel.eu\/fr\/wp-json\/wp\/v2\/pages\/12\/revisions\/738"}],"wp:attachment":[{"href":"https:\/\/www.wood-steel.eu\/fr\/wp-json\/wp\/v2\/media?parent=12"}],"curies":[{"name":"wp","href":"https:\/\/api.w.org\/{rel}","templated":true}]}}