{"id":14,"date":"2016-02-17T14:12:04","date_gmt":"2016-02-17T13:12:04","guid":{"rendered":"http:\/\/www.wood-steel.eu\/?page_id=14"},"modified":"2016-12-23T13:44:01","modified_gmt":"2016-12-23T12:44:01","slug":"produktionsanlage","status":"publish","type":"page","link":"https:\/\/www.wood-steel.eu\/fr\/produktionsanlage\/","title":{"rendered":"Produktionsanlage"},"content":{"rendered":"<p><strong>Beschreibung der Hydraulikpresse, Typ 590<\/strong><\/p>\n<p><!-- index.php -->\n<div\n\tclass=\"ngg-galleryoverview\n\t ngg-ajax-pagination-none\t\"\n\tid=\"ngg-gallery-b761598f8c6372660781540804a42743-1\">\n\n\t\t\t<!-- Thumbnails -->\n\t\t\t\t<div id=\"ngg-image-0\" class=\"ngg-gallery-thumbnail-box\"\n\t\t\t\t\t\t\t\t\t\t\t>\n\t\t\t\t\t\t<div class=\"ngg-gallery-thumbnail\">\n\t\t\t<a href=\"https:\/\/www.wood-steel.eu\/wp-content\/gallery\/produktionsanlage\/Ohne-Titel-2.jpg\"\n\t\t\t\ttitle=\"\"\n\t\t\t\tdata-src=\"https:\/\/www.wood-steel.eu\/wp-content\/gallery\/produktionsanlage\/Ohne-Titel-2.jpg\"\n\t\t\t\tdata-thumbnail=\"https:\/\/www.wood-steel.eu\/wp-content\/gallery\/produktionsanlage\/thumbs\/thumbs_Ohne-Titel-2.jpg\"\n\t\t\t\tdata-image-id=\"61\"\n\t\t\t\tdata-title=\"Ohne Titel 2\"\n\t\t\t\tdata-description=\"\"\n\t\t\t\tdata-image-slug=\"ohne-titel-2\"\n\t\t\t\tclass=\"ngg-fancybox\" rel=\"b761598f8c6372660781540804a42743\">\n\t\t\t\t<img\n\t\t\t\t\ttitle=\"Ohne Titel 2\"\n\t\t\t\t\talt=\"Ohne Titel 2\"\n\t\t\t\t\tsrc=\"https:\/\/www.wood-steel.eu\/wp-content\/gallery\/produktionsanlage\/thumbs\/thumbs_Ohne-Titel-2.jpg\"\n\t\t\t\t\twidth=\"240\"\n\t\t\t\t\theight=\"160\"\n\t\t\t\t\tstyle=\"max-width:100%;\"\n\t\t\t\t\/>\n\t\t\t<\/a>\n\t\t<\/div>\n\t\t\t\t\t\t\t<\/div>\n\t\t\t\n\t\t\n\t\t\t\t<div id=\"ngg-image-1\" class=\"ngg-gallery-thumbnail-box\"\n\t\t\t\t\t\t\t\t\t\t\t>\n\t\t\t\t\t\t<div class=\"ngg-gallery-thumbnail\">\n\t\t\t<a href=\"https:\/\/www.wood-steel.eu\/wp-content\/gallery\/produktionsanlage\/HTS-002.JPG\"\n\t\t\t\ttitle=\"\"\n\t\t\t\tdata-src=\"https:\/\/www.wood-steel.eu\/wp-content\/gallery\/produktionsanlage\/HTS-002.JPG\"\n\t\t\t\tdata-thumbnail=\"https:\/\/www.wood-steel.eu\/wp-content\/gallery\/produktionsanlage\/thumbs\/thumbs_HTS-002.JPG\"\n\t\t\t\tdata-image-id=\"47\"\n\t\t\t\tdata-title=\"HTS 002\"\n\t\t\t\tdata-description=\"\"\n\t\t\t\tdata-image-slug=\"hts-002\"\n\t\t\t\tclass=\"ngg-fancybox\" rel=\"b761598f8c6372660781540804a42743\">\n\t\t\t\t<img\n\t\t\t\t\ttitle=\"HTS 002\"\n\t\t\t\t\talt=\"HTS 002\"\n\t\t\t\t\tsrc=\"https:\/\/www.wood-steel.eu\/wp-content\/gallery\/produktionsanlage\/thumbs\/thumbs_HTS-002.JPG\"\n\t\t\t\t\twidth=\"240\"\n\t\t\t\t\theight=\"160\"\n\t\t\t\t\tstyle=\"max-width:100%;\"\n\t\t\t\t\/>\n\t\t\t<\/a>\n\t\t<\/div>\n\t\t\t\t\t\t\t<\/div>\n\t\t\t\n\t\t\n\t\t\t\t<div id=\"ngg-image-2\" class=\"ngg-gallery-thumbnail-box\"\n\t\t\t\t\t\t\t\t\t\t\t>\n\t\t\t\t\t\t<div class=\"ngg-gallery-thumbnail\">\n\t\t\t<a href=\"https:\/\/www.wood-steel.eu\/wp-content\/gallery\/produktionsanlage\/HTS-004.JPG\"\n\t\t\t\ttitle=\"\"\n\t\t\t\tdata-src=\"https:\/\/www.wood-steel.eu\/wp-content\/gallery\/produktionsanlage\/HTS-004.JPG\"\n\t\t\t\tdata-thumbnail=\"https:\/\/www.wood-steel.eu\/wp-content\/gallery\/produktionsanlage\/thumbs\/thumbs_HTS-004.JPG\"\n\t\t\t\tdata-image-id=\"49\"\n\t\t\t\tdata-title=\"HTS 004\"\n\t\t\t\tdata-description=\"\"\n\t\t\t\tdata-image-slug=\"hts-004\"\n\t\t\t\tclass=\"ngg-fancybox\" rel=\"b761598f8c6372660781540804a42743\">\n\t\t\t\t<img\n\t\t\t\t\ttitle=\"HTS 004\"\n\t\t\t\t\talt=\"HTS 004\"\n\t\t\t\t\tsrc=\"https:\/\/www.wood-steel.eu\/wp-content\/gallery\/produktionsanlage\/thumbs\/thumbs_HTS-004.JPG\"\n\t\t\t\t\twidth=\"240\"\n\t\t\t\t\theight=\"160\"\n\t\t\t\t\tstyle=\"max-width:100%;\"\n\t\t\t\t\/>\n\t\t\t<\/a>\n\t\t<\/div>\n\t\t\t\t\t\t\t<\/div>\n\t\t\t\n\t\t\n\t\t\t\t<div id=\"ngg-image-3\" class=\"ngg-gallery-thumbnail-box\"\n\t\t\t\t\t\t\t\t\t\t\t>\n\t\t\t\t\t\t<div class=\"ngg-gallery-thumbnail\">\n\t\t\t<a href=\"https:\/\/www.wood-steel.eu\/wp-content\/gallery\/produktionsanlage\/HTS-006.JPG\"\n\t\t\t\ttitle=\"\"\n\t\t\t\tdata-src=\"https:\/\/www.wood-steel.eu\/wp-content\/gallery\/produktionsanlage\/HTS-006.JPG\"\n\t\t\t\tdata-thumbnail=\"https:\/\/www.wood-steel.eu\/wp-content\/gallery\/produktionsanlage\/thumbs\/thumbs_HTS-006.JPG\"\n\t\t\t\tdata-image-id=\"51\"\n\t\t\t\tdata-title=\"HTS 006\"\n\t\t\t\tdata-description=\"\"\n\t\t\t\tdata-image-slug=\"hts-006\"\n\t\t\t\tclass=\"ngg-fancybox\" rel=\"b761598f8c6372660781540804a42743\">\n\t\t\t\t<img\n\t\t\t\t\ttitle=\"HTS 006\"\n\t\t\t\t\talt=\"HTS 006\"\n\t\t\t\t\tsrc=\"https:\/\/www.wood-steel.eu\/wp-content\/gallery\/produktionsanlage\/thumbs\/thumbs_HTS-006.JPG\"\n\t\t\t\t\twidth=\"240\"\n\t\t\t\t\theight=\"160\"\n\t\t\t\t\tstyle=\"max-width:100%;\"\n\t\t\t\t\/>\n\t\t\t<\/a>\n\t\t<\/div>\n\t\t\t\t\t\t\t<\/div>\n\t\t\t\n\t\t\n\t\t\t\t<div id=\"ngg-image-4\" class=\"ngg-gallery-thumbnail-box\"\n\t\t\t\t\t\t\t\t\t\t\t>\n\t\t\t\t\t\t<div class=\"ngg-gallery-thumbnail\">\n\t\t\t<a href=\"https:\/\/www.wood-steel.eu\/wp-content\/gallery\/produktionsanlage\/HTS-008.JPG\"\n\t\t\t\ttitle=\"\"\n\t\t\t\tdata-src=\"https:\/\/www.wood-steel.eu\/wp-content\/gallery\/produktionsanlage\/HTS-008.JPG\"\n\t\t\t\tdata-thumbnail=\"https:\/\/www.wood-steel.eu\/wp-content\/gallery\/produktionsanlage\/thumbs\/thumbs_HTS-008.JPG\"\n\t\t\t\tdata-image-id=\"53\"\n\t\t\t\tdata-title=\"HTS 008\"\n\t\t\t\tdata-description=\"\"\n\t\t\t\tdata-image-slug=\"hts-008\"\n\t\t\t\tclass=\"ngg-fancybox\" rel=\"b761598f8c6372660781540804a42743\">\n\t\t\t\t<img\n\t\t\t\t\ttitle=\"HTS 008\"\n\t\t\t\t\talt=\"HTS 008\"\n\t\t\t\t\tsrc=\"https:\/\/www.wood-steel.eu\/wp-content\/gallery\/produktionsanlage\/thumbs\/thumbs_HTS-008.JPG\"\n\t\t\t\t\twidth=\"240\"\n\t\t\t\t\theight=\"160\"\n\t\t\t\t\tstyle=\"max-width:100%;\"\n\t\t\t\t\/>\n\t\t\t<\/a>\n\t\t<\/div>\n\t\t\t\t\t\t\t<\/div>\n\t\t\t\n\t\t\n\t\t\t\t<div id=\"ngg-image-5\" class=\"ngg-gallery-thumbnail-box\"\n\t\t\t\t\t\t\t\t\t\t\t>\n\t\t\t\t\t\t<div class=\"ngg-gallery-thumbnail\">\n\t\t\t<a href=\"https:\/\/www.wood-steel.eu\/wp-content\/gallery\/produktionsanlage\/HTS-011.JPG\"\n\t\t\t\ttitle=\"\"\n\t\t\t\tdata-src=\"https:\/\/www.wood-steel.eu\/wp-content\/gallery\/produktionsanlage\/HTS-011.JPG\"\n\t\t\t\tdata-thumbnail=\"https:\/\/www.wood-steel.eu\/wp-content\/gallery\/produktionsanlage\/thumbs\/thumbs_HTS-011.JPG\"\n\t\t\t\tdata-image-id=\"56\"\n\t\t\t\tdata-title=\"HTS 011\"\n\t\t\t\tdata-description=\"\"\n\t\t\t\tdata-image-slug=\"hts-011\"\n\t\t\t\tclass=\"ngg-fancybox\" rel=\"b761598f8c6372660781540804a42743\">\n\t\t\t\t<img\n\t\t\t\t\ttitle=\"HTS 011\"\n\t\t\t\t\talt=\"HTS 011\"\n\t\t\t\t\tsrc=\"https:\/\/www.wood-steel.eu\/wp-content\/gallery\/produktionsanlage\/thumbs\/thumbs_HTS-011.JPG\"\n\t\t\t\t\twidth=\"240\"\n\t\t\t\t\theight=\"160\"\n\t\t\t\t\tstyle=\"max-width:100%;\"\n\t\t\t\t\/>\n\t\t\t<\/a>\n\t\t<\/div>\n\t\t\t\t\t\t\t<\/div>\n\t\t\t\n\t\t\n\t\t\t\t<div id=\"ngg-image-6\" class=\"ngg-gallery-thumbnail-box\"\n\t\t\t\t\t\t\t\t\t\t\t>\n\t\t\t\t\t\t<div class=\"ngg-gallery-thumbnail\">\n\t\t\t<a href=\"https:\/\/www.wood-steel.eu\/wp-content\/gallery\/produktionsanlage\/HTS-012.JPG\"\n\t\t\t\ttitle=\"\"\n\t\t\t\tdata-src=\"https:\/\/www.wood-steel.eu\/wp-content\/gallery\/produktionsanlage\/HTS-012.JPG\"\n\t\t\t\tdata-thumbnail=\"https:\/\/www.wood-steel.eu\/wp-content\/gallery\/produktionsanlage\/thumbs\/thumbs_HTS-012.JPG\"\n\t\t\t\tdata-image-id=\"57\"\n\t\t\t\tdata-title=\"HTS 012\"\n\t\t\t\tdata-description=\"\"\n\t\t\t\tdata-image-slug=\"hts-012\"\n\t\t\t\tclass=\"ngg-fancybox\" rel=\"b761598f8c6372660781540804a42743\">\n\t\t\t\t<img\n\t\t\t\t\ttitle=\"HTS 012\"\n\t\t\t\t\talt=\"HTS 012\"\n\t\t\t\t\tsrc=\"https:\/\/www.wood-steel.eu\/wp-content\/gallery\/produktionsanlage\/thumbs\/thumbs_HTS-012.JPG\"\n\t\t\t\t\twidth=\"240\"\n\t\t\t\t\theight=\"160\"\n\t\t\t\t\tstyle=\"max-width:100%;\"\n\t\t\t\t\/>\n\t\t\t<\/a>\n\t\t<\/div>\n\t\t\t\t\t\t\t<\/div>\n\t\t\t\n\t\t\n\t\t\t\t<div id=\"ngg-image-7\" class=\"ngg-gallery-thumbnail-box\"\n\t\t\t\t\t\t\t\t\t\t\t>\n\t\t\t\t\t\t<div class=\"ngg-gallery-thumbnail\">\n\t\t\t<a href=\"https:\/\/www.wood-steel.eu\/wp-content\/gallery\/produktionsanlage\/HTS-013.JPG\"\n\t\t\t\ttitle=\"\"\n\t\t\t\tdata-src=\"https:\/\/www.wood-steel.eu\/wp-content\/gallery\/produktionsanlage\/HTS-013.JPG\"\n\t\t\t\tdata-thumbnail=\"https:\/\/www.wood-steel.eu\/wp-content\/gallery\/produktionsanlage\/thumbs\/thumbs_HTS-013.JPG\"\n\t\t\t\tdata-image-id=\"58\"\n\t\t\t\tdata-title=\"HTS 013\"\n\t\t\t\tdata-description=\"\"\n\t\t\t\tdata-image-slug=\"hts-013\"\n\t\t\t\tclass=\"ngg-fancybox\" rel=\"b761598f8c6372660781540804a42743\">\n\t\t\t\t<img\n\t\t\t\t\ttitle=\"HTS 013\"\n\t\t\t\t\talt=\"HTS 013\"\n\t\t\t\t\tsrc=\"https:\/\/www.wood-steel.eu\/wp-content\/gallery\/produktionsanlage\/thumbs\/thumbs_HTS-013.JPG\"\n\t\t\t\t\twidth=\"240\"\n\t\t\t\t\theight=\"160\"\n\t\t\t\t\tstyle=\"max-width:100%;\"\n\t\t\t\t\/>\n\t\t\t<\/a>\n\t\t<\/div>\n\t\t\t\t\t\t\t<\/div>\n\t\t\t\n\t\t\n\t\t\n\t\t<!-- Pagination -->\n\t\t<div class='ngg-clear'><\/div>\t<\/div>\n<\/p>\n<p>&nbsp;<\/p>\n<ol>\n<li><strong> Rahmen<\/strong><\/li>\n<\/ol>\n<p style=\"padding-left: 60px;\">&#8211;\u00a0\u00a0 solide, mechanisch geschwei\u00dfte Stahlprofile<br \/>\n&#8211;\u00a0\u00a0 f\u00fcr Befestigung und Nivellierung- 6 St\u00fcck Bodenflanschen<br \/>\n&#8211;\u00a0\u00a0 komplette transparente Schutzgeh\u00e4use der gesamten Maschine<\/p>\n<ol start=\"2\">\n<li><strong> Wirkteile<\/strong><\/li>\n<\/ol>\n<p style=\"padding-left: 60px;\">&#8211; \u00a0 Untere Backe HEB 300*2800, am Gestell befestigt und mit einer konkaven Form aus Hartholz best\u00fcckt.<br \/>\n&#8211; \u00a0 Obere bewegliche Pressbacke HEB 300*2800, die Arbeitsfl\u00e4che der Backen ist oberfl\u00e4chenbehandelt und mit konvexer Pressform ausgestattet.<br \/>\n&#8211; \u00a0 Die bewegliche Pressbacke wird auf bronzenen Gleitschienen auf- und abgef\u00fchrt.<br \/>\n&#8211; \u00a0 Maximalhub dieser Pressbacke betr\u00e4gt 450 mm- Hydraulikzylinderhub.<br \/>\n&#8211; \u00a0 Die Einstellung der Schlie\u00dfgrenze, entsprechend des jeweiligen Balkenmodells, erfolgt \u00fcber 4 Schrauben &#8211; Mutter-System &#8211; mittels Zentralsteuerung mit Display.<br \/>\n&#8211; \u00a0 R\u00fccklauf der Druckzylinder durch Elektrosonden auf 50 mm begrenzt.<br \/>\n&#8211;\u00a0\u00a0 Einstellung der verschiedenen Teile der L\u00e4ngsf\u00fchrung f\u00fcr H\u00f6lzer und den Stahlsteg durch unabh\u00e4ngige Schrauben und Muttern mit Vorrichtung und Display.<br \/>\n&#8211; \u00a0 Einstellvorrichtung f\u00fcr den Gegendurchgang.<\/p>\n<ol start=\"3\">\n<li><strong>Antrieb<\/strong><\/li>\n<\/ol>\n<p style=\"padding-left: 60px;\">&#8211; \u00a0 Eingabe: Eingabevorschub durch einen Elektroantrieb mit Frequenzumformer mit Gummiwalzen.<br \/>\n&#8211; \u00a0 Ausgabe: Eingabevorschub durch einen Elektroantrieb mit Frequenzumformer mit Gummiwalzen.<br \/>\n&#8211; \u00a0 Die Geschwindigkeit dieser Motoren ist einstellbar \u00fcber Potenciometer direkt am Steuerpult.<br \/>\n&#8211; \u00a0 Die beiden Vorschubsysteme zentrieren sich automatisch auf dem Balken und arbeiten mit einer Breite von 80 bis 120 mm H\u00f6he sowie einer Breite der Ober- und Untergurte von 80\/160 mm.<\/p>\n<p style=\"padding-left: 60px;\"><strong>\u00a0\u00a0\u00a0\u00a0 Gesamth\u00f6he des HTS-Holztr\u00e4gers max. 590 mm<\/strong><\/p>\n<ol start=\"4\">\n<li><strong> F\u00fchrung f\u00fcr Stahlbleche und Holzelemente<\/strong><\/li>\n<\/ol>\n<p style=\"padding-left: 60px;\">&#8211;\u00a0\u00a0 Jeder einzelne Balkenbestandteil wird getrennt zwischen 2 F\u00fchrungsschienen hindurch gelenkt, die unabh\u00e4ngig voneinander einstellbar sind.<\/p>\n<ol start=\"5\">\n<li><strong> Schnittvorrichtung<\/strong><\/li>\n<\/ol>\n<p style=\"padding-left: 60px;\">&#8211; \u00a0 Motor aus Gusseisengeh\u00e4use 4 kW 2890 Umdr.\/min.<br \/>\n&#8211; \u00a0 Hartmetalls\u00e4geblatt, Durchmesser 500 mm<br \/>\n&#8211; \u00a0 H\u00f6henverstellung mittels eines Hydraulikzylinders<br \/>\n&#8211; \u00a0 Schutzgeh\u00e4use und S\u00e4gesp\u00e4nesammelvorrichtung<br \/>\n&#8211; \u00a0 Laserschnittindikation<br \/>\n&#8211; \u00a0 L\u00e4ngenabmessaggregat mit LCD-Display<strong>\u00a0<\/strong><\/p>\n<ol start=\"6\">\n<li><strong> Leistungssteuerung<\/strong><\/li>\n<\/ol>\n<p style=\"padding-left: 60px;\">6.1 &#8211; Hydraulikaggregat<\/p>\n<p style=\"padding-left: 90px;\">7,5 KW-Motor Pumpe 451 mm Druckregler Druckanzeige Volumendrosselventil<\/p>\n<p style=\"padding-left: 60px;\">6.2 &#8211; Zylinder<\/p>\n<p style=\"padding-left: 90px;\">Hydraulikzylinder mit 15 t Druckkraft<br \/>\nHub 500 mm<br \/>\nfest auf Lagerzapfen aufgebaut<br \/>\n1 Hydraulikzylinder mit 900 mm Hub zum Vertikalhub der S\u00e4ge<\/p>\n<ol start=\"7\">\n<li><strong> Ablaufhaspel<\/strong><\/li>\n<\/ol>\n<p style=\"padding-left: 60px;\">&#8211; \u00a0 2 Ablaufhaspeln auf L\u00e4ngskugellager mit Dauerbremse mit einstellbarer Haspel.<\/p>\n<ol start=\"8\">\n<li><strong> Aufgabetisch<\/strong><\/li>\n<\/ol>\n<p style=\"padding-left: 60px;\">&#8211; \u00a0 Beine am Boden befestigt mit verstellbarer H\u00f6he<br \/>\n&#8211;\u00a0\u00a0 Die unteren H\u00f6lzer werden von Rollen gehalten.<br \/>\n&#8211;\u00a0\u00a0 Die oberen H\u00f6lzer werden von h\u00f6henverstellbaren Rollen gehalten.<br \/>\n&#8211;\u00a0\u00a0 Die Stahlbleche werden von 1 Tisch und 2 h\u00f6henverstellbaren Rollen gehalten.<br \/>\n&#8211;\u00a0\u00a0 Die U-Schienen mit Rollen 10,00 m lang, mit St\u00e4nder- und Rollsysteme bieten bei langen Tr\u00e4gern ab 12,00 m eine leichte und sichere F\u00fchrung der Ober- und Untergurte.<br \/>\n&#8211;\u00a0\u00a0 Befestigung der Schienen auf dem Boden mit D\u00fcbelschrauben.<\/p>\n<ol start=\"9\">\n<li><strong> Rollbahn hinter der S\u00e4ge<\/strong><\/li>\n<\/ol>\n<p style=\"padding-left: 60px;\">&#8211; \u00a0 Schwei\u00dfkonstruktion &#8211; 12 St\u00fcck Abstandhalter 1,00 m<br \/>\n&#8211; \u00a0 einstellbare H\u00f6he<br \/>\n&#8211;\u00a0\u00a0 mit F\u00fchrungsschienen f\u00fcr Rollbahnen, mit D\u00fcbelschrauben am Boden befestigt<\/p>\n<p style=\"padding-left: 30px;\"><strong>10.S\u00e4ge<\/strong><\/p>\n<p style=\"padding-left: 60px;\">&#8211; \u00a0 Laserindikation<br \/>\n&#8211; \u00a0 L\u00e4ngenmessung mit kleinem Display auf Steuerpanel<\/p>\n<p style=\"padding-left: 60px;\">Alle anderen Steuerelemente sind im Steuerpanel eingebaut.<\/p>\n<p>&nbsp;<\/p>\n<p><strong>Eingabeautomat<\/strong><\/p>\n<p>&#8211; \u00a0 Eingabe der Ober- und Untergurtbreite und St\u00e4rke<br \/>\n&#8211; \u00a0 Eingabe der F\u00fchrung f\u00fcr Stahlbleche in verschiedenen H\u00f6hen<br \/>\n&#8211;\u00a0\u00a0 Zuf\u00fchr- und Ausfuhrrollen<br \/>\n&#8211; \u00a0 Durchbiegung<br \/>\n&#8211;\u00a0\u00a0 S\u00e4ge- und Balkenstabilisierungsklemmen mit Rollen und F\u00fchrung<br \/>\n&#8211; \u00a0 Einstellung der Durchbiegung<br \/>\n&#8211; \u00a0 F\u00f6rderung der Abf\u00e4lle \u00fcber Rollband<br \/>\n&#8211; \u00a0 Gesamtanschlussleistung &#8211; Stromst\u00e4rke 34 A- 30 KW<\/p>","protected":false},"excerpt":{"rendered":"Beschreibung der Hydraulikpresse, Typ 590 &nbsp; Rahmen &#8211;\u00a0\u00a0 solide, mechanisch geschwei\u00dfte Stahlprofile &#8211;\u00a0\u00a0 f\u00fcr Befestigung und Nivellierung- 6 St\u00fcck Bodenflanschen &#8211;\u00a0\u00a0 komplette transparente \n<a class=\"moretag\" href=\"https:\/\/www.wood-steel.eu\/fr\/produktionsanlage\/\"> [...]<\/a>","protected":false},"author":1,"featured_media":0,"parent":0,"menu_order":0,"comment_status":"closed","ping_status":"closed","template":"","meta":{"_exactmetrics_skip_tracking":false,"_exactmetrics_sitenote_active":false,"_exactmetrics_sitenote_note":"","_exactmetrics_sitenote_category":0,"ngg_post_thumbnail":0,"footnotes":""},"class_list":["post-14","page","type-page","status-publish","hentry"],"aioseo_notices":[],"_links":{"self":[{"href":"https:\/\/www.wood-steel.eu\/fr\/wp-json\/wp\/v2\/pages\/14","targetHints":{"allow":["GET"]}}],"collection":[{"href":"https:\/\/www.wood-steel.eu\/fr\/wp-json\/wp\/v2\/pages"}],"about":[{"href":"https:\/\/www.wood-steel.eu\/fr\/wp-json\/wp\/v2\/types\/page"}],"author":[{"embeddable":true,"href":"https:\/\/www.wood-steel.eu\/fr\/wp-json\/wp\/v2\/users\/1"}],"replies":[{"embeddable":true,"href":"https:\/\/www.wood-steel.eu\/fr\/wp-json\/wp\/v2\/comments?post=14"}],"version-history":[{"count":14,"href":"https:\/\/www.wood-steel.eu\/fr\/wp-json\/wp\/v2\/pages\/14\/revisions"}],"predecessor-version":[{"id":742,"href":"https:\/\/www.wood-steel.eu\/fr\/wp-json\/wp\/v2\/pages\/14\/revisions\/742"}],"wp:attachment":[{"href":"https:\/\/www.wood-steel.eu\/fr\/wp-json\/wp\/v2\/media?parent=14"}],"curies":[{"name":"wp","href":"https:\/\/api.w.org\/{rel}","templated":true}]}}