{"id":18,"date":"2016-02-17T14:12:53","date_gmt":"2016-02-17T13:12:53","guid":{"rendered":"http:\/\/www.wood-steel.eu\/?page_id=18"},"modified":"2019-07-02T13:21:57","modified_gmt":"2019-07-02T11:21:57","slug":"kontakt","status":"publish","type":"page","link":"https:\/\/www.wood-steel.eu\/fr\/kontakt\/","title":{"rendered":"Kontakt"},"content":{"rendered":"<p>Nous sommes pr\u00eats \u00e0 avoir une entrevue personnelle avec vous, parce que nous aimerions trouver des entreprises innovantes, dynamiques et qui r\u00e9ussissent dans le domaine de la construction en bois et de la construction de toits pour devenir nos partenaires de production et de distribution qui prendraient en charge notre production \u00e0 leur usine et serviraient le march\u00e9 gr\u00e2ce \u00e0 leurs coll\u00e8gues dans la profession.<\/p>\n<p><strong>WST Tragwerke GmbH<br \/>\n<\/strong><strong><br \/>\n<\/strong>Bureau en Allemagne<br \/>\nGewerbepark Bliesen 1a<br \/>\n66606 St.Wendel-Bliesen<\/p>\n<p>&nbsp;<\/p>\n<p><strong>PDG:<\/strong><\/p>\n<p>Hans J\u00fcrgen Vetter,\u00a0ing\u00e9nieur dipl\u00f4m\u00e9<\/p>\n<p>Tel: \u00a0 \u00a0 \u00a0+49\u00a0(0) 68 54 90 09 05 0<br \/>\nFax:\u00a0\u00a0\u00a0\u00a0 +49 (0) 68 54 90 09 06 9<br \/>\neMail: h.j.vetter@wood-steel.eu<\/p>\n<p>&nbsp;<\/p>\n<p><strong>Assistant de direction\u00a0:<\/strong><\/p>\n<p>Serge Schwenk<\/p>\n<p>Tel: \u00a0 \u00a0 \u00a0+49 (0) 68 54 90 09 05 1<br \/>\nFax:\u00a0\u00a0\u00a0\u00a0 +49 (0) 68 54 90 09 06 9<br \/>\nMobil: +49 (0) 177 720 33 30<br \/>\neMail: s.schwenk@wood-steel.eu<\/p>\n<p>&nbsp;<\/p>","protected":false},"excerpt":{"rendered":"Nous sommes pr\u00eats \u00e0 avoir une entrevue personnelle avec vous, parce que nous aimerions trouver des entreprises innovantes, dynamiques et qui r\u00e9ussissent dans \n<a class=\"moretag\" href=\"https:\/\/www.wood-steel.eu\/fr\/kontakt\/\"> [...]<\/a>","protected":false},"author":1,"featured_media":0,"parent":0,"menu_order":0,"comment_status":"closed","ping_status":"closed","template":"","meta":{"_exactmetrics_skip_tracking":false,"_exactmetrics_sitenote_active":false,"_exactmetrics_sitenote_note":"","_exactmetrics_sitenote_category":0,"ngg_post_thumbnail":0,"footnotes":""},"class_list":["post-18","page","type-page","status-publish","hentry"],"aioseo_notices":[],"_links":{"self":[{"href":"https:\/\/www.wood-steel.eu\/fr\/wp-json\/wp\/v2\/pages\/18","targetHints":{"allow":["GET"]}}],"collection":[{"href":"https:\/\/www.wood-steel.eu\/fr\/wp-json\/wp\/v2\/pages"}],"about":[{"href":"https:\/\/www.wood-steel.eu\/fr\/wp-json\/wp\/v2\/types\/page"}],"author":[{"embeddable":true,"href":"https:\/\/www.wood-steel.eu\/fr\/wp-json\/wp\/v2\/users\/1"}],"replies":[{"embeddable":true,"href":"https:\/\/www.wood-steel.eu\/fr\/wp-json\/wp\/v2\/comments?post=18"}],"version-history":[{"count":28,"href":"https:\/\/www.wood-steel.eu\/fr\/wp-json\/wp\/v2\/pages\/18\/revisions"}],"predecessor-version":[{"id":812,"href":"https:\/\/www.wood-steel.eu\/fr\/wp-json\/wp\/v2\/pages\/18\/revisions\/812"}],"wp:attachment":[{"href":"https:\/\/www.wood-steel.eu\/fr\/wp-json\/wp\/v2\/media?parent=18"}],"curies":[{"name":"wp","href":"https:\/\/api.w.org\/{rel}","templated":true}]}}