{"id":452,"date":"2016-03-02T23:02:27","date_gmt":"2016-03-02T22:02:27","guid":{"rendered":"http:\/\/www.wood-steel.eu\/?page_id=452"},"modified":"2016-12-23T13:21:22","modified_gmt":"2016-12-23T12:21:22","slug":"stahlsteg","status":"publish","type":"page","link":"https:\/\/www.wood-steel.eu\/fr\/stahlsteg\/","title":{"rendered":"Stahlsteg"},"content":{"rendered":"<p><strong>HTS-Hybridtr\u00e4ger &#8211; mit feuerverzinkten Meiser Stahlstegen werden Ober- und Untergurte aus heimischer Kiefer, formbest\u00e4ndig, gradschattig (oder Fichte\/Tannen) hergestellt.<\/strong><\/p>\n<p><strong>Konstruktionsvollholz (NSi),\u00a0 Sortierung nach DIN 4074 &#8211; TS 10, Keilzinkung nach DIN 68140, technische Trocknung auf 15 % <\/strong><strong>\u00b1 <\/strong><strong>3 % Holzfeuchte, 4-seitig gehobelt, Kanten gebrochen.<\/strong><\/p>\n<p><strong>Aufpreis f\u00fcr Kesseldruckimpr\u00e4gnierung mit Wollmanit-CX-10 gr\u00fcn\u00a0 (Holzfeuchte damit\u00a0 h\u00f6her) gegen\u00a0 Mehrpreis.<\/strong><\/p>\n<p><strong>\u00a0<\/strong><\/p>\n<p><strong>Stahlsteg, Profil gewellt aus feuerverzinktem Vormaterial der G\u00fcte\u00a0 S 550 GD + Z nach DIN EN 10147 1995-08 gefertigt. Die Stahlg\u00fcte entspricht den Vorgaben der bauaufsichtlichen Zulassung.<\/strong><\/p>\n<p><strong>Europ\u00e4ische technische Zulassung ETA-1010415.<\/strong><\/p>\n<p>&nbsp;<\/p>\n<p>Die Zinkauflage betr\u00e4gt mindestens\u00a0 275 g\/m2 \u00b7 das entspricht\u00a0 einer Zinkschichtdicke von ca. 40 my. Das Korrosionsverhalten der feuerverzinkten Oberfl\u00e4che unter verschiedenen\u00a0 Korrosionsbedingungen ist in die Klassen C1 bis C4 eingeteilt\u00a0 (Quelle: Institut feuerverzinken).<\/p>\n<p>&nbsp;<\/p>\n<p><strong>Gegen\u00fcber lackierten \u00dcberz\u00fcgen bietet die Feuerverzinkung folgende Vorteile:<\/strong><\/p>\n<ul>\n<li><strong>wesentlich bessere Best\u00e4ndigkeit bei mechanischer Beanspruchung<\/strong><\/li>\n<li><strong>durch kathodischen Schutzeffekt bildet sich auch\u00a0 bei kleineren Besch\u00e4digungen der Oberfl\u00e4che kein Korrosionsherd<\/strong><\/li>\n<li><strong>keine Unterwanderung\/Abl\u00f6sung m\u00f6glich<\/strong><\/li>\n<\/ul>\n<p>&nbsp;<\/p>\n<p>HTS-Stahlwellsteg &#8211; eine neue Chance. Es macht HTS-Hybridtr\u00e4ger noch wirtschaftlicher und st\u00e4rker macht als bisher.<\/p>\n<p>&nbsp;<\/p>\n<p>HTS-Hybridtr\u00e4ger &#8211; Stahlwellsteg werden nach statischen Berechnungen auf jedes individuelle Projekt hergestellt mit einer \u00dcberh\u00f6hung von 1\/300 nach DIN 1052\/T1.<\/p>\n<p>&nbsp;<\/p>\n<p>HTS-Stahlwellsteg &#8211; Belastung, Eigengewicht und Nutzlast entsprechend unserer statischen Software, die Ihnen kostenlos zur Verf\u00fcgung gestellt wird.<\/p>\n<p>&nbsp;<\/p>\n<p>HTS-Hybridtr\u00e4ger &#8211; Stahlwellsteg werden als Pfetten, Sparren, Deckentr\u00e4ger, Fassaden- und Wandkonstruktionen hergestellt f\u00fcr freitragende Spannweiten von 5 &#8211; 20 m mit einem geringen\u00a0 Eigengewicht von 3 &#8211; 15 kg\/m f\u00fcr Belastungen\u00a0 von 0,65 &#8211; 5,00 kN\/qm.<\/p>\n<p>&nbsp;<\/p>\n<p>HTS-Hybridtr\u00e4ger &#8211; Stahlwellsteg unterliegen einer Eigen- und G\u00fcte\u00fcberwachung.<\/p>\n<p>HTS-Hybridtr\u00e4ger &#8211; Stahlwellsteg d\u00fcrfen f\u00fcr Dach- und Deckenkonstruktionen sowie f\u00fcr druckbeanspruchte Bauteile im Hochbau nach DIN 1052 01 eingesetzt werden.<\/p>\n<p>&nbsp;<\/p>\n<p><strong>Besser bauen mit HTS-Hybridtr\u00e4ger, es ist auch f\u00fcr Sie ein Vorteil.<\/strong><\/p>\n<p>&nbsp;<\/p>\n<p><a href=\"http:\/\/www.wood-steel.eu\/wp-content\/uploads\/2016\/03\/stahlsteg-hybridtraeger.png\" rel=\"attachment wp-att-615\"><img loading=\"lazy\" decoding=\"async\" class=\"size-medium wp-image-615 aligncenter\" src=\"http:\/\/www.wood-steel.eu\/wp-content\/uploads\/2016\/03\/stahlsteg-hybridtraeger-300x162.png\" alt=\"stahlsteg-hybridtraeger\" width=\"300\" height=\"162\" srcset=\"https:\/\/www.wood-steel.eu\/wp-content\/uploads\/2016\/03\/stahlsteg-hybridtraeger-300x162.png 300w, https:\/\/www.wood-steel.eu\/wp-content\/uploads\/2016\/03\/stahlsteg-hybridtraeger.png 356w\" sizes=\"auto, (max-width: 300px) 100vw, 300px\" \/><\/a><\/p>","protected":false},"excerpt":{"rendered":"HTS-Hybridtr\u00e4ger &#8211; mit feuerverzinkten Meiser Stahlstegen werden Ober- und Untergurte aus heimischer Kiefer, formbest\u00e4ndig, gradschattig (oder Fichte\/Tannen) hergestellt. Konstruktionsvollholz (NSi),\u00a0 Sortierung nach DIN \n<a class=\"moretag\" href=\"https:\/\/www.wood-steel.eu\/fr\/stahlsteg\/\"> [...]<\/a>","protected":false},"author":1,"featured_media":0,"parent":0,"menu_order":0,"comment_status":"closed","ping_status":"closed","template":"","meta":{"_exactmetrics_skip_tracking":false,"_exactmetrics_sitenote_active":false,"_exactmetrics_sitenote_note":"","_exactmetrics_sitenote_category":0,"ngg_post_thumbnail":0,"footnotes":""},"class_list":["post-452","page","type-page","status-publish","hentry"],"aioseo_notices":[],"_links":{"self":[{"href":"https:\/\/www.wood-steel.eu\/fr\/wp-json\/wp\/v2\/pages\/452","targetHints":{"allow":["GET"]}}],"collection":[{"href":"https:\/\/www.wood-steel.eu\/fr\/wp-json\/wp\/v2\/pages"}],"about":[{"href":"https:\/\/www.wood-steel.eu\/fr\/wp-json\/wp\/v2\/types\/page"}],"author":[{"embeddable":true,"href":"https:\/\/www.wood-steel.eu\/fr\/wp-json\/wp\/v2\/users\/1"}],"replies":[{"embeddable":true,"href":"https:\/\/www.wood-steel.eu\/fr\/wp-json\/wp\/v2\/comments?post=452"}],"version-history":[{"count":11,"href":"https:\/\/www.wood-steel.eu\/fr\/wp-json\/wp\/v2\/pages\/452\/revisions"}],"predecessor-version":[{"id":740,"href":"https:\/\/www.wood-steel.eu\/fr\/wp-json\/wp\/v2\/pages\/452\/revisions\/740"}],"wp:attachment":[{"href":"https:\/\/www.wood-steel.eu\/fr\/wp-json\/wp\/v2\/media?parent=452"}],"curies":[{"name":"wp","href":"https:\/\/api.w.org\/{rel}","templated":true}]}}