{"id":460,"date":"2016-03-04T01:01:04","date_gmt":"2016-03-04T00:01:04","guid":{"rendered":"http:\/\/www.wood-steel.eu\/?page_id=460"},"modified":"2016-12-23T13:56:43","modified_gmt":"2016-12-23T12:56:43","slug":"partner","status":"publish","type":"page","link":"https:\/\/www.wood-steel.eu\/fr\/partner\/","title":{"rendered":"Partner"},"content":{"rendered":"<p>&nbsp;<\/p>\n<p><a href=\"http:\/\/www.wood-steel.eu\/wp-content\/uploads\/2016\/03\/porthaus-web-1.jpg\" rel=\"attachment wp-att-581\"><img loading=\"lazy\" decoding=\"async\" class=\"alignnone size-full wp-image-581\" src=\"http:\/\/www.wood-steel.eu\/wp-content\/uploads\/2016\/03\/porthaus-web-1.jpg\" alt=\"porthaus-web\" width=\"150\" height=\"51\" \/><\/a><\/p>\n<p><a href=\"http:\/\/www.wood-steel.eu\/wp-content\/uploads\/2016\/03\/Luftbild-Schnitt.jpg\" rel=\"attachment wp-att-573\"><img loading=\"lazy\" decoding=\"async\" class=\"alignnone size-medium wp-image-573\" src=\"http:\/\/www.wood-steel.eu\/wp-content\/uploads\/2016\/03\/Luftbild-Schnitt-300x213.jpg\" alt=\"Luftbild-Schnitt\" width=\"300\" height=\"213\" srcset=\"https:\/\/www.wood-steel.eu\/wp-content\/uploads\/2016\/03\/Luftbild-Schnitt-300x213.jpg 300w, https:\/\/www.wood-steel.eu\/wp-content\/uploads\/2016\/03\/Luftbild-Schnitt-768x546.jpg 768w, https:\/\/www.wood-steel.eu\/wp-content\/uploads\/2016\/03\/Luftbild-Schnitt-1024x728.jpg 1024w, https:\/\/www.wood-steel.eu\/wp-content\/uploads\/2016\/03\/Luftbild-Schnitt-120x85.jpg 120w, https:\/\/www.wood-steel.eu\/wp-content\/uploads\/2016\/03\/Luftbild-Schnitt.jpg 1824w\" sizes=\"auto, (max-width: 300px) 100vw, 300px\" \/><\/a>\u00a0 \u00a0 \u00a0 \u00a0 \u00a0\u00a0<a href=\"http:\/\/www.youtube.com\/watch?v=eh2ss4xlfFM\" rel=\"attachment wp-att-544\"><img loading=\"lazy\" decoding=\"async\" class=\"alignnone\" title=\"tl_fGewerbepark Bliesen GmbH bei YouTube\" src=\"\/wp-content\/uploads\/2016\/03\/Youtube-icon.png\" alt=\"tl_fGewerbepark Bliesen GmbH bei YouTube\" width=\"50\" height=\"50\" \/><\/a><\/p>\n<p>&nbsp;<\/p>\n<h2>Gewerbepark Bliesen GmbH, WST\/HTS-Logistikzentrum f\u00fcr Westeuropa<\/h2>\n<p>Der Gewerbepark Bliesen im Dreil\u00e4ndereck Deutschland-Frankreich-Luxemburg ist das WST\/HTS-Logistikzentrum f\u00fcr Westeuropa. Die WST Tragwerke GmbH betreibt im Gewerbepark Bliesen eine Gesch\u00e4ftsstelle. HTS-Stege k\u00f6nnen im Gewerbepark Bliesen nach vorheriger Anmeldung dort abgeholt werden. Ab Juli 2016 wird f\u00fcr Interessierte eine HTS-Tr\u00e4ger-Produktionsmaschine zu Demonstrationszwecken im WST-Entwicklungszentrum im Gewerbepark Bliesen aufgebaut. Die Gewerbepark Bliesen GmbH und die WST Tragwerke GmbH geh\u00f6ren zur PortHaus-Unternehmensgruppe\u00a0\/\u00a0Schweiz. Herr S. Schwenk ber\u00e4t Sie in Bliesen gern \u00fcber die Vorz\u00fcge des HTS-Hybridtr\u00e4gers.<\/p>\n<p><strong>Kontaktdaten: \u00a0 \u00a0 \u00a0 \u00a0<\/strong><br \/>\nS. Schwenk<br \/>\nAssistent der Gesch\u00e4ftsleitung<br \/>\nGewerbepark Bliesen 1a<br \/>\nD-66606 St. Wendel-Bliesen<\/p>\n<p>Tel. +49 6854 909894-17<br \/>\nFax +49 6855 909894-49<\/p>\n<p>E-Mail: s.schwenk@wood-steel.eu<\/p>\n<p>&nbsp;<\/p>\n<p><a href=\"http:\/\/www.meiser.de\" rel=\"attachment wp-att-463\"><img loading=\"lazy\" decoding=\"async\" class=\"alignnone size-full wp-image-463\" src=\"http:\/\/www.wood-steel.eu\/wp-content\/uploads\/2016\/03\/meiser-logo.png\" alt=\"meiser-logo\" width=\"132\" height=\"21\" \/><\/a><\/p>\n<p><a href=\"http:\/\/www.meiser.de\" rel=\"attachment wp-att-466\"><img loading=\"lazy\" decoding=\"async\" class=\"alignnone size-medium wp-image-466\" src=\"http:\/\/www.wood-steel.eu\/wp-content\/uploads\/2016\/03\/meiser-standort-2-300x188.png\" alt=\"meiser-standort-2\" width=\"300\" height=\"188\" srcset=\"https:\/\/www.wood-steel.eu\/wp-content\/uploads\/2016\/03\/meiser-standort-2-300x188.png 300w, https:\/\/www.wood-steel.eu\/wp-content\/uploads\/2016\/03\/meiser-standort-2.png 344w\" sizes=\"auto, (max-width: 300px) 100vw, 300px\" \/><\/a> <a href=\"http:\/\/www.meiser.de\" rel=\"attachment wp-att-467\"><img loading=\"lazy\" decoding=\"async\" class=\"alignnone size-medium wp-image-467\" src=\"http:\/\/www.wood-steel.eu\/wp-content\/uploads\/2016\/03\/meiser-standort-1-300x188.png\" alt=\"meiser-standort-1\" width=\"300\" height=\"188\" srcset=\"https:\/\/www.wood-steel.eu\/wp-content\/uploads\/2016\/03\/meiser-standort-1-300x188.png 300w, https:\/\/www.wood-steel.eu\/wp-content\/uploads\/2016\/03\/meiser-standort-1.png 344w\" sizes=\"auto, (max-width: 300px) 100vw, 300px\" \/><\/a><\/p>\n<p>MEISER, 1956 gegr\u00fcndet, ist heute ein mittelst\u00e4ndisches, inhabergef\u00fchrtes Familienunternehmen mit Stammsitz in Schmelz-Limbach in S\u00fcdwestdeutschland. Als stahlverarbeitendes Unternehmen mit Schwerpunkten in den Bereichen Gitterroste, Blechprofile, Spaltband, Treppenanlagen, HTS-Stahlwellsteg und Verzinkung besch\u00e4ftigt MEISER rund 1800 Mitarbeiter, \u00fcber 1200 davon in Deutschland. Die beiden Hauptproduktionsst\u00e4tten im Saarland und in Sachsen werden durch Fertigungsst\u00e4tten in Belgien, Frankreich, Ungarn, \u00c4gypten und Dubai erg\u00e4nzt. Und mit zahlreichen weiteren Niederlassungen ist MEISER fast weltweit vertreten. Eine pers\u00f6nliche Betreuung der Kunden vor Ort ist somit garantiert. F\u00fcr die Qualit\u00e4t der Produkte steht MEISEr mit eigenen Verzinkereien, Spaltbetrieben und Kaltwalzwerken ein. Auch mehr als 50 Jahre nach der Gr\u00fcndung durch Edmund Meiser bekennt sich MEISER \u00a0als Familienunternehmen zu seinen Urspr\u00fcngen und traditionellen Wertvorstellungen. Langfristiges Planen und Verl\u00e4sslichkeit pr\u00e4gen die t\u00e4gliche Arbeit, die von flexiblen und begeisterungsf\u00e4higen Mitarbeitern sowie von einem modernen und hoch effizienten Maschinenpark unterst\u00fctzt wird. Besonderen Wert legt MEISER auch auf den pers\u00f6nlichen und individuellen Kontakt zu Ihnen, den Gesch\u00e4ftspartnern und Kunden.<\/p>\n<p>Brosch\u00fcre:<\/p>\n<p><a href=\"http:\/\/www.wood-steel.eu\/wp-content\/uploads\/2016\/03\/MEISER_HTS_Holztraeger.pdf\">MEISER_HTS_Holztraeger\u00a0(DE)<\/a><br \/>\n<a href=\"http:\/\/www.wood-steel.eu\/wp-content\/uploads\/2016\/02\/HTS_MEISER_Brosch_englisch.pdf\">MEISER_HTS_Holztraeger (EN)<\/a><\/p>\n<p>&nbsp;<\/p>\n<h2>WST-Partner in aller Welt<\/h2>\n<p><div id=\"wpgmza_map\" class=\"wpgmza_map\" data-settings='{\"id\":\"1\",\"map_title\":\"Partner\",\"map_width\":\"100\",\"map_height\":\"500\",\"map_start_lat\":\"64.832187\",\"map_start_lng\":\"-46.401573\",\"map_start_location\":\"64.83218661576984,-46.40157295703124\",\"map_start_zoom\":\"2\",\"default_marker\":\"0\",\"type\":\"1\",\"alignment\":\"1\",\"directions_enabled\":\"1\",\"styling_enabled\":\"0\",\"styling_json\":\"\",\"active\":\"0\",\"kml\":\"\",\"bicycle\":\"0\",\"traffic\":\"0\",\"dbox\":\"1\",\"dbox_width\":\"250\",\"listmarkers\":\"0\",\"listmarkers_advanced\":\"0\",\"filterbycat\":\"0\",\"ugm_enabled\":\"0\",\"ugm_category_enabled\":\"0\",\"fusion\":\"\",\"map_width_type\":\"\\\\%\",\"map_height_type\":\"px\",\"mass_marker_support\":\"1\",\"ugm_access\":\"0\",\"order_markers_by\":\"1\",\"order_markers_choice\":\"2\",\"show_user_location\":\"0\",\"default_to\":\"\",\"other_settings\":{\"store_locator_enabled\":2,\"store_locator_distance\":2,\"store_locator_bounce\":1,\"store_locator_query_string\":\"ZIP \\\/ Address:\",\"wpgmza_store_locator_restrict\":\"\",\"map_max_zoom\":\"1\",\"transport_layer\":0,\"wpgmza_theme_data\":\"\",\"bicycle\":\"0\",\"traffic\":\"0\"}}' data-map-id='1' Data-maps-engine='' data-shortcode-attributes='{\"id\":\"1\"}' style=\"display:block; overflow:auto; width:100%; height:500px; float:left;\"><\/div><\/p>","protected":false},"excerpt":{"rendered":"&nbsp; \u00a0 \u00a0 \u00a0 \u00a0 \u00a0\u00a0 &nbsp; Gewerbepark Bliesen GmbH, WST\/HTS-Logistikzentrum f\u00fcr Westeuropa Der Gewerbepark Bliesen im Dreil\u00e4ndereck Deutschland-Frankreich-Luxemburg ist das WST\/HTS-Logistikzentrum f\u00fcr \n<a class=\"moretag\" href=\"https:\/\/www.wood-steel.eu\/fr\/partner\/\"> [...]<\/a>","protected":false},"author":1,"featured_media":0,"parent":0,"menu_order":0,"comment_status":"closed","ping_status":"closed","template":"","meta":{"_exactmetrics_skip_tracking":false,"_exactmetrics_sitenote_active":false,"_exactmetrics_sitenote_note":"","_exactmetrics_sitenote_category":0,"ngg_post_thumbnail":0,"footnotes":""},"class_list":["post-460","page","type-page","status-publish","hentry"],"aioseo_notices":[],"_links":{"self":[{"href":"https:\/\/www.wood-steel.eu\/fr\/wp-json\/wp\/v2\/pages\/460","targetHints":{"allow":["GET"]}}],"collection":[{"href":"https:\/\/www.wood-steel.eu\/fr\/wp-json\/wp\/v2\/pages"}],"about":[{"href":"https:\/\/www.wood-steel.eu\/fr\/wp-json\/wp\/v2\/types\/page"}],"author":[{"embeddable":true,"href":"https:\/\/www.wood-steel.eu\/fr\/wp-json\/wp\/v2\/users\/1"}],"replies":[{"embeddable":true,"href":"https:\/\/www.wood-steel.eu\/fr\/wp-json\/wp\/v2\/comments?post=460"}],"version-history":[{"count":27,"href":"https:\/\/www.wood-steel.eu\/fr\/wp-json\/wp\/v2\/pages\/460\/revisions"}],"predecessor-version":[{"id":744,"href":"https:\/\/www.wood-steel.eu\/fr\/wp-json\/wp\/v2\/pages\/460\/revisions\/744"}],"wp:attachment":[{"href":"https:\/\/www.wood-steel.eu\/fr\/wp-json\/wp\/v2\/media?parent=460"}],"curies":[{"name":"wp","href":"https:\/\/api.w.org\/{rel}","templated":true}]}}