{"id":7,"date":"2016-02-16T13:16:05","date_gmt":"2016-02-16T12:16:05","guid":{"rendered":"http:\/\/www.wood-steel.eu\/?page_id=7"},"modified":"2016-12-23T12:51:04","modified_gmt":"2016-12-23T11:51:04","slug":"startseite","status":"publish","type":"page","link":"https:\/\/www.wood-steel.eu\/fr\/","title":{"rendered":"Poutres HTS &#8211; La Solution de Construction intelligente"},"content":{"rendered":"<p>Tout d\u2019abord merci pour votre int\u00e9r\u00eat envers WST Tragwerke GmbH (WST Structures GmbH) et merci pour visiter notre page d\u2019accueil.<\/p>\n<p>WST se consacre au d\u00e9veloppement et \u00e0 la distribution de mat\u00e9riaux composites et de <strong>syst\u00e8mes de support hybrides<\/strong>, principalement en bois et m\u00e9tal pour l&rsquo;industrie de la construction.<\/p>\n<p>Nous favorisons des solutions de construction pour les travaux de g\u00e9nie civil et structures sp\u00e9ciales avec des port\u00e9es moyennes et un degr\u00e9 \u00e9lev\u00e9 de pr\u00e9fabrication. Nous offrons en plus des composants du produit, du mat\u00e9riel de fabrication, une d\u00e9monstration de la bonne statique et autres preuves physiques du b\u00e2timent, des propositions de design pour les structures, b\u00e2timents et parties de b\u00e2timents principalement en bois et en acier.<\/p>\n<p>Les <strong>structures hybrides<\/strong> sont g\u00e9n\u00e9ralement plus fortes que les structures en mat\u00e9riaux monolithes.<\/p>\n<p>Les <strong>structures hybrides<\/strong> sont exactement adapt\u00e9es au syst\u00e8me de charge statique et de structure portante. Les constructions de structures hybrides sont \u00e9cologiques et \u00e9conomiques, car elles pr\u00e9servent les ressources et sont parfaitement adapt\u00e9es \u00e0 la charge statique du b\u00e2timent.<\/p>\n<p>L&rsquo;esprit du temps dans la construction de b\u00e2timents est en train de changer. Des constructions intelligentes remplacent la \u00ab\u00a0folie du b\u00e9ton\u00a0\u00bb d\u2019avant. \u00c0 l&rsquo;heure actuelle, WST s\u2019est engag\u00e9e dans le d\u00e9veloppement et l&rsquo;am\u00e9lioration de <strong>Nail-Web\/HTS-Hybrid-Tr\u00e4gerkonstruktionen (Nail-Web\/HTS-Structures hybrides de soutien).<\/strong><\/p>\n<p>Il est incompr\u00e9hensible qu&rsquo;un produit d\u2019une technologie d&rsquo;ing\u00e9nierie si ing\u00e9nieuse et simple que la <strong>poutre HTS<\/strong> n\u2019ait fait l\u2019objet dans le pass\u00e9 que de si peu d&rsquo;attention dans l&rsquo;industrie de la construction.<\/p>\n<p>Avec la collaboration de la soci\u00e9t\u00e9 Meiser Vogtland OHG-Tragwerke GmbH (Structures Meiser Vogtland OHG WST), WST contribuera \u00e0 une utilisation dans le domaine de la construction \u2013 gr\u00e2ce au <strong>syst\u00e8me de support HTS<\/strong> &#8211; de structures plus intelligemment con\u00e7ues, de meilleure qualit\u00e9, plus \u00e9cologiques, \u00e9conomiques et rentables.<\/p>\n<p>Nous serons heureux de r\u00e9pondre \u00e0 vos questions.<\/p>\n<p>Hans-J\u00fcrgen Vetter, Ing\u00e9nieur dipl\u00f4m\u00e9<\/p>\n<p>PDG<\/p>\n<p>WST Tragwerke GmbH<\/p>","protected":false},"excerpt":{"rendered":"Tout d\u2019abord merci pour votre int\u00e9r\u00eat envers WST Tragwerke GmbH (WST Structures GmbH) et merci pour visiter notre page d\u2019accueil. WST se consacre \n<a class=\"moretag\" href=\"https:\/\/www.wood-steel.eu\/fr\/\"> [...]<\/a>","protected":false},"author":1,"featured_media":0,"parent":0,"menu_order":0,"comment_status":"closed","ping_status":"closed","template":"","meta":{"_exactmetrics_skip_tracking":false,"_exactmetrics_sitenote_active":false,"_exactmetrics_sitenote_note":"","_exactmetrics_sitenote_category":0,"ngg_post_thumbnail":0,"footnotes":""},"class_list":["post-7","page","type-page","status-publish","hentry"],"aioseo_notices":[],"_links":{"self":[{"href":"https:\/\/www.wood-steel.eu\/fr\/wp-json\/wp\/v2\/pages\/7","targetHints":{"allow":["GET"]}}],"collection":[{"href":"https:\/\/www.wood-steel.eu\/fr\/wp-json\/wp\/v2\/pages"}],"about":[{"href":"https:\/\/www.wood-steel.eu\/fr\/wp-json\/wp\/v2\/types\/page"}],"author":[{"embeddable":true,"href":"https:\/\/www.wood-steel.eu\/fr\/wp-json\/wp\/v2\/users\/1"}],"replies":[{"embeddable":true,"href":"https:\/\/www.wood-steel.eu\/fr\/wp-json\/wp\/v2\/comments?post=7"}],"version-history":[{"count":19,"href":"https:\/\/www.wood-steel.eu\/fr\/wp-json\/wp\/v2\/pages\/7\/revisions"}],"predecessor-version":[{"id":737,"href":"https:\/\/www.wood-steel.eu\/fr\/wp-json\/wp\/v2\/pages\/7\/revisions\/737"}],"wp:attachment":[{"href":"https:\/\/www.wood-steel.eu\/fr\/wp-json\/wp\/v2\/media?parent=7"}],"curies":[{"name":"wp","href":"https:\/\/api.w.org\/{rel}","templated":true}]}}