{"id":80,"date":"2016-02-25T09:39:19","date_gmt":"2016-02-25T08:39:19","guid":{"rendered":"http:\/\/www.wood-steel.eu\/?page_id=80"},"modified":"2023-03-21T08:47:00","modified_gmt":"2023-03-21T07:47:00","slug":"downloads","status":"publish","type":"page","link":"https:\/\/www.wood-steel.eu\/fr\/downloads\/","title":{"rendered":"Downloads"},"content":{"rendered":"<p><\/p>\n<table style=\"border: 1px dashed #000;\">\n<tbody>\n<tr>\n<td><strong>Bezeichnung<\/strong><\/td>\n<td><strong>Download<\/strong><\/td>\n<\/tr>\n<tr>\n<td>Le b\u00e2timent moderne en utilisant HTS-Hybridtr\u00e4ger<\/td>\n<td>&nbsp;<\/td>\n<\/tr>\n<tr>\n<td>Argumente f\u00fcr HTS-Tr\u00e4ger<\/td>\n<td>&nbsp;<\/td>\n<\/tr>\n<tr>\n<td>Poutres hybrids HTS &#8211; la solution de construction intelligente<\/td>\n<td>&nbsp;<\/td>\n<\/tr>\n<tr>\n<td>Technik-Konstruktion-Innovation<\/td>\n<td>&nbsp;<\/td>\n<\/tr>\n<tr>\n<td>Anwendungsbeispiele<\/td>\n<td>&nbsp;<\/td>\n<\/tr>\n<tr>\n<td>Faltblatt Technik<\/td>\n<td>&nbsp;<\/td>\n<\/tr>\n<tr>\n<td>Statischer Nachweis<\/td>\n<td>&nbsp;<\/td>\n<\/tr>\n<tr>\n<td>WST Markenregistrierung<\/td>\n<td>&nbsp;<\/td>\n<\/tr>\n<tr>\n<td><b>Evaluation technique europ\u00e9enne ETA-10\/0415<\/b><\/td>\n<td>&nbsp;<\/td>\n<\/tr>\n<tr>\n<td>Produktionsanlage<\/td>\n<td>&nbsp;<\/td>\n<\/tr>\n<\/tbody>\n<\/table>\n<p><\/p>","protected":false},"excerpt":{"rendered":"Bezeichnung Download Le b\u00e2timent moderne en utilisant HTS-Hybridtr\u00e4ger &nbsp; Argumente f\u00fcr HTS-Tr\u00e4ger &nbsp; Poutres hybrids HTS &#8211; la solution de construction intelligente &nbsp; \n<a class=\"moretag\" href=\"https:\/\/www.wood-steel.eu\/fr\/downloads\/\"> [...]<\/a>","protected":false},"author":1,"featured_media":0,"parent":0,"menu_order":0,"comment_status":"closed","ping_status":"closed","template":"","meta":{"_exactmetrics_skip_tracking":false,"_exactmetrics_sitenote_active":false,"_exactmetrics_sitenote_note":"","_exactmetrics_sitenote_category":0,"ngg_post_thumbnail":0,"footnotes":""},"class_list":["post-80","page","type-page","status-publish","hentry"],"aioseo_notices":[],"_links":{"self":[{"href":"https:\/\/www.wood-steel.eu\/fr\/wp-json\/wp\/v2\/pages\/80","targetHints":{"allow":["GET"]}}],"collection":[{"href":"https:\/\/www.wood-steel.eu\/fr\/wp-json\/wp\/v2\/pages"}],"about":[{"href":"https:\/\/www.wood-steel.eu\/fr\/wp-json\/wp\/v2\/types\/page"}],"author":[{"embeddable":true,"href":"https:\/\/www.wood-steel.eu\/fr\/wp-json\/wp\/v2\/users\/1"}],"replies":[{"embeddable":true,"href":"https:\/\/www.wood-steel.eu\/fr\/wp-json\/wp\/v2\/comments?post=80"}],"version-history":[{"count":55,"href":"https:\/\/www.wood-steel.eu\/fr\/wp-json\/wp\/v2\/pages\/80\/revisions"}],"predecessor-version":[{"id":844,"href":"https:\/\/www.wood-steel.eu\/fr\/wp-json\/wp\/v2\/pages\/80\/revisions\/844"}],"wp:attachment":[{"href":"https:\/\/www.wood-steel.eu\/fr\/wp-json\/wp\/v2\/media?parent=80"}],"curies":[{"name":"wp","href":"https:\/\/api.w.org\/{rel}","templated":true}]}}